{"id":3989,"date":"2016-02-08T17:27:40","date_gmt":"2016-02-08T16:27:40","guid":{"rendered":"http:\/\/www.sardiniagrandtour.com\/it\/?page_id=3989"},"modified":"2023-03-15T11:10:56","modified_gmt":"2023-03-15T10:10:56","slug":"chi-siamo","status":"publish","type":"page","link":"https:\/\/www.sardiniagrandtour.com\/it\/chi-siamo\/","title":{"rendered":"Chi siamo"},"content":{"rendered":"\n<div class=\"container mt-3 mb-3\">\n<h1>Chi siamo<\/h1>\n<p><strong>Sardinia Grand Tour<\/strong> \u00e8 un marchio creato da <a href=\"https:\/\/www.mediterras.com\" target=\"_blank\" rel=\"noopener\">Mediterras<\/a>, il tour operator fondato a Cagliari accomunati dalla passione per il ciclismo, la natura, il buon cibo, i viaggi e il buon vino. L&#8217;entusiasmo dei nostri fondatori nell&#8217;incontrare viaggiatori provenienti da ogni angolo del mondo e condividere le loro passioni con loro \u00e8 ci\u00f2 che guida l&#8217;impegno del nostro team a offrire esperienze eccezionali.<\/p>\n<h2>Tour in bici in Sardinia<\/h2>\n<p>Con Sardinia Grand Tour hai <strong>tanti tour disponibili immediatamente alla prenotazione<\/strong>. I nostri tour in libert\u00e0 ti permettono di scoprire la Sardegna con dei percorsi sicuri e <strong>testati da noi<\/strong>. Soggiornerai in hotel che hanno sempre un occhio di riguardo per i cicloturisti, mangerei nei ristoranti preferiti dalla gente del posto. Potrai pedalare in tutta sicurezza grazie ai nostri sistemi di navigazione e leggero grazie al nostro servizio di trasporto dei bagagli. Trovi i nostri tour nella pagina <a href=\"https:\/\/www.sardiniagrandtour.com\/it\/bike-tours\/\" target=\"_blank\" rel=\"noopener\">Vacanze Attive<\/a> divisi per categoria e difficolt\u00e0.<\/p>\n<h3>Tour Privati e Guided in Sardegna<\/h3>\n<p>Se stai cercando un tour guidato da fare con la tua famiglia o con i tuoi amici, possiamo personalizzare tutti i tour che trovi in <a href=\"https:\/\/www.sardiniagrandtour.com\/it\/bike-tours\/\" target=\"_blank\" rel=\"noopener\">Vacanze Attive<\/a> modificando i percorsi, aggiungedo il supporto del furgone e una guida in bici. <strong>Le nostre guide sono tutte locali<\/strong>, la tua esperienza di vaggio sar\u00e0 una vera immersione nella cultura, nel paesaggio e nella cucina della Sardegna. Contattaci attraverso la pagina <a href=\"https:\/\/www.sardiniagrandtour.com\/it\/tour-su-misura\/\" target=\"_blank\" rel=\"noopener\">Tour su misura<\/a>, ti risponderemo subito con il programma che pi\u00f9 si addice alle tue esigenze.<\/p>\n<h2>Noleggio bici in Sardegna<\/h2>\n<p>Nella nostra sede di Cagliari abbiamo un noleggio bici con <strong>bici da strada, da trekking, da citt\u00e0 e a pedalata assistita<\/strong>. Tutte di marchi italiani come Wilier, Bianchi, De Rosa e Bottecchia. Tutte le nostre bici hanno un kit di riparazione ed una pompetta. Potrai noleggiare anche pedali SPD, SPD-SL e Look, sacche Ortlieb e caschi. Sia che tu voglia fare un giro in citt\u00e0 o noleggiare una bici per pi\u00f9 giorni per scoprire la Sardegna dalla tua sella in completa libert\u00e0, sapremo consigliarti dove andare, cosa vedere, cosa mangiare. In fondo non siamo un semplice noleggio bici, siamo un Tour Operator!<br \/>\nControlla la disponibilit\u00e0 online e prenota nella pagina <a href=\"https:\/\/www.sardiniagrandtour.com\/it\/noleggio-bici\/\" target=\"_blank\" rel=\"noopener\">Noleggio Bici<\/a>, o scrivici a <a href=\"mailto:info@sardiniagrandtour.com\/it\">info@sardiniagrandtour.com\/it<\/a> con la tua richiesta.<\/p>\n<h2>Un&#8217;azienda sostenibile<\/h2>\n<p>Ci impegnamo nel fare della nostra azienda un promotore della sostenibilit\u00e0. Per noi la bici non \u00e8 solo una passione, un hobby e un lavoro. E&#8217; anche il nostro mezzo di elezione per spostarci in citt\u00e0. Durante i nostri tour, cerchiamo di avere il minor impatto possibile sull&#8217;ambiente limitando l&#8217;uso della plastica e promuovendone il ricilo. Per quanto possibile utilizziamo prodotti biodegradabili, a partire dai detergenti e lubrificanti usati nelle nostre bici e sensibilizziamo i nostri partner nel fare altrettanto.<br \/>\nAmiamo la nostra isola ed il nostro pianeta e vorremmo che anche in futuro possano essere ammirati in tutta la loro bellezza.<\/p>\n<\/div>\n","protected":false},"excerpt":{"rendered":"<p>Chi siamo Sardinia Grand Tour \u00e8 un marchio creato da Mediterras, il tour operator fondato a Cagliari accomunati dalla passione per il ciclismo, la natura, il buon cibo, i viaggi e il buon vino. L&#8217;entusiasmo dei nostri fondatori nell&#8217;incontrare viaggiatori provenienti da ogni angolo del mondo e condividere le loro passioni con loro \u00e8 ci\u00f2 [&#8230;]<\/p>\n<p><a class=\"btn btn-secondary understrap-read-more-link\" href=\"https:\/\/www.sardiniagrandtour.com\/it\/chi-siamo\/\">Leggi di pi\u00f9&#8230;<span class=\"screen-reader-text\"> from Chi siamo<\/span><\/a><\/p>\n","protected":false},"author":3,"featured_media":0,"parent":0,"menu_order":0,"comment_status":"closed","ping_status":"closed","template":"page-templates\/empty.php","meta":{"footnotes":""},"class_list":["post-3989","page","type-page","status-publish","hentry"],"yoast_head":"<!-- This site is optimized with the Yoast SEO plugin v26.5 - https:\/\/yoast.com\/wordpress\/plugins\/seo\/ -->\n<title>Bici in Sardegna SGT | Tour operator di cicloturismo e noleggio<\/title>\n<meta name=\"description\" content=\"Sardinia Grand Tour \u00e8 un tour operator di Cagliari focalizzato su tour in bici e noleggio biciclette in Sardegna, creato e gestito da sardi.\" \/>\n<meta name=\"robots\" content=\"index, follow, max-snippet:-1, max-image-preview:large, max-video-preview:-1\" \/>\n<link rel=\"canonical\" href=\"https:\/\/www.sardiniagrandtour.com\/it\/chi-siamo\/\" \/>\n<meta property=\"og:locale\" content=\"it_IT\" \/>\n<meta property=\"og:type\" content=\"article\" \/>\n<meta property=\"og:title\" content=\"Bici in Sardegna SGT | Tour operator di cicloturismo e noleggio\" \/>\n<meta property=\"og:description\" content=\"Sardinia Grand Tour \u00e8 un tour operator di Cagliari focalizzato su tour in bici e noleggio biciclette in Sardegna, creato e gestito da sardi.\" \/>\n<meta property=\"og:url\" content=\"https:\/\/www.sardiniagrandtour.com\/it\/chi-siamo\/\" \/>\n<meta property=\"og:site_name\" content=\"Sardinia Grand Tour\" \/>\n<meta property=\"article:publisher\" content=\"https:\/\/www.facebook.com\/sardiniagrandtour\" \/>\n<meta property=\"article:modified_time\" content=\"2023-03-15T10:10:56+00:00\" \/>\n<meta property=\"og:image\" content=\"https:\/\/www.sardiniagrandtour.com\/it\/wp-content\/uploads\/2016\/01\/LogoSGT_trasparenza_azzurro-1.png\" \/>\n\t<meta property=\"og:image:width\" content=\"194\" \/>\n\t<meta property=\"og:image:height\" content=\"100\" \/>\n\t<meta property=\"og:image:type\" content=\"image\/png\" \/>\n<meta name=\"twitter:card\" content=\"summary_large_image\" \/>\n<meta name=\"twitter:label1\" content=\"Tempo di lettura stimato\" \/>\n\t<meta name=\"twitter:data1\" content=\"3 minuti\" \/>\n<script type=\"application\/ld+json\" class=\"yoast-schema-graph\">{\"@context\":\"https:\/\/schema.org\",\"@graph\":[{\"@type\":\"WebPage\",\"@id\":\"https:\/\/www.sardiniagrandtour.com\/it\/chi-siamo\/\",\"url\":\"https:\/\/www.sardiniagrandtour.com\/it\/chi-siamo\/\",\"name\":\"Bici in Sardegna SGT | Tour operator di cicloturismo e noleggio\",\"isPartOf\":{\"@id\":\"https:\/\/www.sardiniagrandtour.com\/it\/#website\"},\"datePublished\":\"2016-02-08T16:27:40+00:00\",\"dateModified\":\"2023-03-15T10:10:56+00:00\",\"description\":\"Sardinia Grand Tour \u00e8 un tour operator di Cagliari focalizzato su tour in bici e noleggio biciclette in Sardegna, creato e gestito da sardi.\",\"breadcrumb\":{\"@id\":\"https:\/\/www.sardiniagrandtour.com\/it\/chi-siamo\/#breadcrumb\"},\"inLanguage\":\"it-IT\",\"potentialAction\":[{\"@type\":\"ReadAction\",\"target\":[\"https:\/\/www.sardiniagrandtour.com\/it\/chi-siamo\/\"]}]},{\"@type\":\"BreadcrumbList\",\"@id\":\"https:\/\/www.sardiniagrandtour.com\/it\/chi-siamo\/#breadcrumb\",\"itemListElement\":[{\"@type\":\"ListItem\",\"position\":1,\"name\":\"Home\",\"item\":\"https:\/\/www.sardiniagrandtour.com\/it\/\"},{\"@type\":\"ListItem\",\"position\":2,\"name\":\"Chi siamo\"}]},{\"@type\":\"WebSite\",\"@id\":\"https:\/\/www.sardiniagrandtour.com\/it\/#website\",\"url\":\"https:\/\/www.sardiniagrandtour.com\/it\/\",\"name\":\"Sardinia Grand Tour\",\"description\":\"Vacanze in bicicletta in Sardegna\",\"publisher\":{\"@id\":\"https:\/\/www.sardiniagrandtour.com\/it\/#organization\"},\"potentialAction\":[{\"@type\":\"SearchAction\",\"target\":{\"@type\":\"EntryPoint\",\"urlTemplate\":\"https:\/\/www.sardiniagrandtour.com\/it\/?s={search_term_string}\"},\"query-input\":{\"@type\":\"PropertyValueSpecification\",\"valueRequired\":true,\"valueName\":\"search_term_string\"}}],\"inLanguage\":\"it-IT\"},{\"@type\":\"Organization\",\"@id\":\"https:\/\/www.sardiniagrandtour.com\/it\/#organization\",\"name\":\"Anfibia Ecotours Tour Operator\",\"url\":\"https:\/\/www.sardiniagrandtour.com\/it\/\",\"logo\":{\"@type\":\"ImageObject\",\"inLanguage\":\"it-IT\",\"@id\":\"https:\/\/www.sardiniagrandtour.com\/it\/#\/schema\/logo\/image\/\",\"url\":\"https:\/\/www.sardiniagrandtour.com\/it\/wp-content\/uploads\/2016\/01\/icona-LogoSGT_trasparenza_azzurro.png\",\"contentUrl\":\"https:\/\/www.sardiniagrandtour.com\/it\/wp-content\/uploads\/2016\/01\/icona-LogoSGT_trasparenza_azzurro.png\",\"width\":108,\"height\":70,\"caption\":\"Anfibia Ecotours Tour Operator\"},\"image\":{\"@id\":\"https:\/\/www.sardiniagrandtour.com\/it\/#\/schema\/logo\/image\/\"},\"sameAs\":[\"https:\/\/www.facebook.com\/sardiniagrandtour\",\"https:\/\/www.youtube.com\/user\/SardiniaGrandTour\"]}]}<\/script>\n<!-- \/ Yoast SEO plugin. -->","yoast_head_json":{"title":"Bici in Sardegna SGT | Tour operator di cicloturismo e noleggio","description":"Sardinia Grand Tour \u00e8 un tour operator di Cagliari focalizzato su tour in bici e noleggio biciclette in Sardegna, creato e gestito da sardi.","robots":{"index":"index","follow":"follow","max-snippet":"max-snippet:-1","max-image-preview":"max-image-preview:large","max-video-preview":"max-video-preview:-1"},"canonical":"https:\/\/www.sardiniagrandtour.com\/it\/chi-siamo\/","og_locale":"it_IT","og_type":"article","og_title":"Bici in Sardegna SGT | Tour operator di cicloturismo e noleggio","og_description":"Sardinia Grand Tour \u00e8 un tour operator di Cagliari focalizzato su tour in bici e noleggio biciclette in Sardegna, creato e gestito da sardi.","og_url":"https:\/\/www.sardiniagrandtour.com\/it\/chi-siamo\/","og_site_name":"Sardinia Grand Tour","article_publisher":"https:\/\/www.facebook.com\/sardiniagrandtour","article_modified_time":"2023-03-15T10:10:56+00:00","og_image":[{"width":194,"height":100,"url":"https:\/\/www.sardiniagrandtour.com\/it\/wp-content\/uploads\/2016\/01\/LogoSGT_trasparenza_azzurro-1.png","type":"image\/png"}],"twitter_card":"summary_large_image","twitter_misc":{"Tempo di lettura stimato":"3 minuti"},"schema":{"@context":"https:\/\/schema.org","@graph":[{"@type":"WebPage","@id":"https:\/\/www.sardiniagrandtour.com\/it\/chi-siamo\/","url":"https:\/\/www.sardiniagrandtour.com\/it\/chi-siamo\/","name":"Bici in Sardegna SGT | Tour operator di cicloturismo e noleggio","isPartOf":{"@id":"https:\/\/www.sardiniagrandtour.com\/it\/#website"},"datePublished":"2016-02-08T16:27:40+00:00","dateModified":"2023-03-15T10:10:56+00:00","description":"Sardinia Grand Tour \u00e8 un tour operator di Cagliari focalizzato su tour in bici e noleggio biciclette in Sardegna, creato e gestito da sardi.","breadcrumb":{"@id":"https:\/\/www.sardiniagrandtour.com\/it\/chi-siamo\/#breadcrumb"},"inLanguage":"it-IT","potentialAction":[{"@type":"ReadAction","target":["https:\/\/www.sardiniagrandtour.com\/it\/chi-siamo\/"]}]},{"@type":"BreadcrumbList","@id":"https:\/\/www.sardiniagrandtour.com\/it\/chi-siamo\/#breadcrumb","itemListElement":[{"@type":"ListItem","position":1,"name":"Home","item":"https:\/\/www.sardiniagrandtour.com\/it\/"},{"@type":"ListItem","position":2,"name":"Chi siamo"}]},{"@type":"WebSite","@id":"https:\/\/www.sardiniagrandtour.com\/it\/#website","url":"https:\/\/www.sardiniagrandtour.com\/it\/","name":"Sardinia Grand Tour","description":"Vacanze in bicicletta in Sardegna","publisher":{"@id":"https:\/\/www.sardiniagrandtour.com\/it\/#organization"},"potentialAction":[{"@type":"SearchAction","target":{"@type":"EntryPoint","urlTemplate":"https:\/\/www.sardiniagrandtour.com\/it\/?s={search_term_string}"},"query-input":{"@type":"PropertyValueSpecification","valueRequired":true,"valueName":"search_term_string"}}],"inLanguage":"it-IT"},{"@type":"Organization","@id":"https:\/\/www.sardiniagrandtour.com\/it\/#organization","name":"Anfibia Ecotours Tour Operator","url":"https:\/\/www.sardiniagrandtour.com\/it\/","logo":{"@type":"ImageObject","inLanguage":"it-IT","@id":"https:\/\/www.sardiniagrandtour.com\/it\/#\/schema\/logo\/image\/","url":"https:\/\/www.sardiniagrandtour.com\/it\/wp-content\/uploads\/2016\/01\/icona-LogoSGT_trasparenza_azzurro.png","contentUrl":"https:\/\/www.sardiniagrandtour.com\/it\/wp-content\/uploads\/2016\/01\/icona-LogoSGT_trasparenza_azzurro.png","width":108,"height":70,"caption":"Anfibia Ecotours Tour Operator"},"image":{"@id":"https:\/\/www.sardiniagrandtour.com\/it\/#\/schema\/logo\/image\/"},"sameAs":["https:\/\/www.facebook.com\/sardiniagrandtour","https:\/\/www.youtube.com\/user\/SardiniaGrandTour"]}]}},"_links":{"self":[{"href":"https:\/\/www.sardiniagrandtour.com\/it\/wp-json\/wp\/v2\/pages\/3989","targetHints":{"allow":["GET"]}}],"collection":[{"href":"https:\/\/www.sardiniagrandtour.com\/it\/wp-json\/wp\/v2\/pages"}],"about":[{"href":"https:\/\/www.sardiniagrandtour.com\/it\/wp-json\/wp\/v2\/types\/page"}],"author":[{"embeddable":true,"href":"https:\/\/www.sardiniagrandtour.com\/it\/wp-json\/wp\/v2\/users\/3"}],"replies":[{"embeddable":true,"href":"https:\/\/www.sardiniagrandtour.com\/it\/wp-json\/wp\/v2\/comments?post=3989"}],"version-history":[{"count":8,"href":"https:\/\/www.sardiniagrandtour.com\/it\/wp-json\/wp\/v2\/pages\/3989\/revisions"}],"predecessor-version":[{"id":7950,"href":"https:\/\/www.sardiniagrandtour.com\/it\/wp-json\/wp\/v2\/pages\/3989\/revisions\/7950"}],"wp:attachment":[{"href":"https:\/\/www.sardiniagrandtour.com\/it\/wp-json\/wp\/v2\/media?parent=3989"}],"curies":[{"name":"wp","href":"https:\/\/api.w.org\/{rel}","templated":true}]}}