{"id":4201,"date":"2016-02-10T18:12:40","date_gmt":"2016-02-10T17:12:40","guid":{"rendered":"http:\/\/www.sardiniagrandtour.com\/it\/?page_id=4201"},"modified":"2018-10-16T12:06:37","modified_gmt":"2018-10-16T10:06:37","slug":"il-progetto","status":"publish","type":"page","link":"https:\/\/www.sardiniagrandtour.com\/it\/il-progetto\/","title":{"rendered":"Sardinia Grand Tour &#8211; Il progetto"},"content":{"rendered":"<div class=\"container\">\n\t<img loading=\"lazy\" decoding=\"async\" class=\" wp-image-867 alignleft\" alt=\"Sardinia Grand Tour map\" src=\"https:\/\/www.sardiniagrandtour.com\/it\/wp-content\/uploads\/2014\/02\/Mappa_SardiniaGrandTour_b.png\" width=\"317\" height=\"440\" \/>Sardinia Grand Tour \u00e8 un progetto che integra un itinerario, un Tour operator e un Club di aziende, promuovendo tutta la Sardegna come destinazione per il cicloturismo.<br \/>\n\tNasce dalla nostra passione per il viaggio in bici e da anni di esperienza maturata disegnando tour e accompagnando cicloturisti provenienti da tutto il mondo nella nostra terra.<\/p>\n<p>\t<strong>L&#8217;Itinerario<\/strong><br \/>\n\tL&#8217;idea alla base del progetto \u00e8 un itinerario cicloturistico che esplora tutta l&#8217;Isola.<br \/>\n\tL&#8217;intero percorso del Sardinia Grand Tour \u00e8 costruito unendo gli itinerari sviluppati dalle agenzie e tour operator locali. La lunghezza totale \u00e8 di 1500 km, divisi in 35 tappe di circa 50 km ciascuna, che partono e terminano in localit\u00e0 dotate di servizi e accoglienza adatta ai cicloturisti.<\/p>\n<p>\t<strong>Il Club<\/strong><br \/>\n\tGli operatori del territorio (hotel, ristoranti, servizi per il cicloturismo) e le comunit\u00e0 locali ci chiedevano di aiutarli nella promozione, \u00e8 nato cos\u00ec il Club Sardinia Grand Tour.<br \/>\n\tCi sono i Bike hotel con i loro percorsi ad anello, il noleggio bici su tutto il territorio regionale, e gli operatori che vogliono promuoversi in questo mercato. Se sei un operatore e vuoi entrare nella rete puoi farlo <a title=\"Affiliazione\" href=\"https:\/\/www.sardiniagrandtour.com\/it\/affiliazione\/\">qui<\/a>.<\/p>\n<p>\t<strong>Il Tour operator<\/strong><br \/>\n\tAbbiamo integrato le nostre esperienze (Marcello nell&#8217;organizzazione, Gian Mario nella direzione tecnica e nella gestione di agenzia viaggi, Simone nell&#8217;accompagnamento) in un tour operator specializzato che offre:<\/p>\n<ol>\n<li><a title=\"Tour Organizzati\" href=\"https:\/\/www.sardiniagrandtour.com\/it\/bike-tours\/\">Tour organizzati<\/a>, guidati, self guided e personalizzati dei quali si pu\u00f2 esplorare l&#8217;itinerario su mappa.<\/li>\n<li>La possibilit\u00e0 di creare il proprio <a title=\"Tour Indipendenti\" href=\"https:\/\/www.sardiniagrandtour.com\/it\/free\/\">itinerario personalizzato da percorrere in autonomia<\/a>, assemblando le singole tappe che compongono l&#8217;itinerario generale del Sardinia Grand Tour, e scaricando le mappe e le tracce gps.<\/li>\n<li><a title=\"Bike Hotels\" href=\"https:\/\/www.sardiniagrandtour.com\/it\/bike-hotel\/\">Bike hotel<\/a> dove fermarsi durante il proprio viaggio o dove passare l&#8217;intera vacanza, grazie agli itinerari ad anello che sviluppiamo per ogni struttura.<\/li>\n<li><a title=\"Noleggio Bici\" href=\"https:\/\/www.sardiniagrandtour.com\/it\/noleggio-bici\/\">Noleggio bici<\/a> di qualit\u00e0, con scelta del modello pi\u00f9 adatto alle proprie esigenze.<\/li>\n<\/ol>\n<p>\t<strong>Il Magazine<\/strong><br \/>\n\tTramite una costante attivit\u00e0 di blogging, <a title=\"Sardinia Grand Tour Blog\" href=\"https:\/\/www.sardiniagrandtour.com\/it\/magazine\/\">raccontiamo la Sardegna vista dalla bici<\/a>, le persone che incontriamo nei nostri viaggi, e diamo informazioni utili all&#8217;organizzazione di un viaggio in Sardegna.<\/p>\n<p>\tOgni anno celebriamo il Sardinia Grand Tour con due eventi speciali:<\/p>\n<p>\t<strong>SGT Randonnee<\/strong><br \/>\n\tLa <a href=\"https:\/\/www.sardiniagrandtour.com\/it\/randonnee\/\">SGT Randonnee <\/a>\u00e8 una pedalata epica di 200km, da completare in un giorno. Non \u00e8 una gara, l&#8217;obiettivo non \u00e8 infatti vincere ma piuttosto arrivare lontano, vivendo una giornata in bici con amici vecchi e nuovi, immersi nella bellezza della nostra Isola.<\/p>\n<p>\t<strong>SGT Expediton<\/strong><br \/>\n\tLa<a href=\"https:\/\/www.sardiniagrandtour.com\/it\/mediterranean-ride\/\"> SGT Expedition <\/a>\u00e8 un viaggio di pi\u00f9 giorni attraverso un&#8217;isola che ricorda un continente. Ogni anno percorriamo una parte diversa dell&#8217;itinerario generale, offrendo questa esperienza indimenticabile a un prezzo indimenticabile \ud83d\ude42<\/p>\n","protected":false},"excerpt":{"rendered":"<p>Sardinia Grand Tour \u00e8 un progetto che integra un itinerario, un Tour operator e un Club di aziende, promuovendo tutta la Sardegna come destinazione per il cicloturismo. Nasce dalla nostra passione per il viaggio in bici e da anni di esperienza maturata disegnando tour e accompagnando cicloturisti provenienti da tutto il mondo nella nostra terra. [&#8230;]<\/p>\n<p><a class=\"btn btn-secondary understrap-read-more-link\" href=\"https:\/\/www.sardiniagrandtour.com\/it\/il-progetto\/\">Leggi di pi\u00f9&#8230;<span class=\"screen-reader-text\"> from Sardinia Grand Tour &#8211; Il progetto<\/span><\/a><\/p>\n","protected":false},"author":3,"featured_media":0,"parent":0,"menu_order":0,"comment_status":"closed","ping_status":"closed","template":"page-templates\/normalpage.php","meta":{"footnotes":""},"class_list":["post-4201","page","type-page","status-publish","hentry"],"yoast_head":"<!-- This site is optimized with the Yoast SEO plugin v26.5 - https:\/\/yoast.com\/wordpress\/plugins\/seo\/ -->\n<title>Il progetto di una rete cicloturistica per la Sardegna<\/title>\n<meta name=\"description\" content=\"Sardinia Grand Tour: un itinerario, un Tour operator e un Club di aziende, per promuovere tutta la Sardegna come destinazione per il cicloturismo.\" \/>\n<meta name=\"robots\" content=\"index, follow, max-snippet:-1, max-image-preview:large, max-video-preview:-1\" \/>\n<link rel=\"canonical\" href=\"https:\/\/www.sardiniagrandtour.com\/it\/il-progetto\/\" \/>\n<meta property=\"og:locale\" content=\"it_IT\" \/>\n<meta property=\"og:type\" content=\"article\" \/>\n<meta property=\"og:title\" content=\"Il progetto di una rete cicloturistica per la Sardegna\" \/>\n<meta property=\"og:description\" content=\"Sardinia Grand Tour: un itinerario, un Tour operator e un Club di aziende, per promuovere tutta la Sardegna come destinazione per il cicloturismo.\" \/>\n<meta property=\"og:url\" content=\"https:\/\/www.sardiniagrandtour.com\/it\/il-progetto\/\" \/>\n<meta property=\"og:site_name\" content=\"Sardinia Grand Tour\" \/>\n<meta property=\"article:publisher\" content=\"https:\/\/www.facebook.com\/sardiniagrandtour\" \/>\n<meta property=\"article:modified_time\" content=\"2018-10-16T10:06:37+00:00\" \/>\n<meta property=\"og:image\" content=\"https:\/\/www.sardiniagrandtour.com\/it\/wp-content\/uploads\/2014\/02\/Mappa_SardiniaGrandTour_b.png\" \/>\n<meta name=\"twitter:card\" content=\"summary_large_image\" \/>\n<meta name=\"twitter:label1\" content=\"Tempo di lettura stimato\" \/>\n\t<meta name=\"twitter:data1\" content=\"2 minuti\" \/>\n<script type=\"application\/ld+json\" class=\"yoast-schema-graph\">{\"@context\":\"https:\/\/schema.org\",\"@graph\":[{\"@type\":\"WebPage\",\"@id\":\"https:\/\/www.sardiniagrandtour.com\/it\/il-progetto\/\",\"url\":\"https:\/\/www.sardiniagrandtour.com\/it\/il-progetto\/\",\"name\":\"Il progetto di una rete cicloturistica per la Sardegna\",\"isPartOf\":{\"@id\":\"https:\/\/www.sardiniagrandtour.com\/it\/#website\"},\"primaryImageOfPage\":{\"@id\":\"https:\/\/www.sardiniagrandtour.com\/it\/il-progetto\/#primaryimage\"},\"image\":{\"@id\":\"https:\/\/www.sardiniagrandtour.com\/it\/il-progetto\/#primaryimage\"},\"thumbnailUrl\":\"https:\/\/www.sardiniagrandtour.com\/it\/wp-content\/uploads\/2014\/02\/Mappa_SardiniaGrandTour_b.png\",\"datePublished\":\"2016-02-10T17:12:40+00:00\",\"dateModified\":\"2018-10-16T10:06:37+00:00\",\"description\":\"Sardinia Grand Tour: un itinerario, un Tour operator e un Club di aziende, per promuovere tutta la Sardegna come destinazione per il cicloturismo.\",\"breadcrumb\":{\"@id\":\"https:\/\/www.sardiniagrandtour.com\/it\/il-progetto\/#breadcrumb\"},\"inLanguage\":\"it-IT\",\"potentialAction\":[{\"@type\":\"ReadAction\",\"target\":[\"https:\/\/www.sardiniagrandtour.com\/it\/il-progetto\/\"]}]},{\"@type\":\"ImageObject\",\"inLanguage\":\"it-IT\",\"@id\":\"https:\/\/www.sardiniagrandtour.com\/it\/il-progetto\/#primaryimage\",\"url\":\"https:\/\/www.sardiniagrandtour.com\/it\/wp-content\/uploads\/2014\/02\/Mappa_SardiniaGrandTour_b.png\",\"contentUrl\":\"https:\/\/www.sardiniagrandtour.com\/it\/wp-content\/uploads\/2014\/02\/Mappa_SardiniaGrandTour_b.png\"},{\"@type\":\"BreadcrumbList\",\"@id\":\"https:\/\/www.sardiniagrandtour.com\/it\/il-progetto\/#breadcrumb\",\"itemListElement\":[{\"@type\":\"ListItem\",\"position\":1,\"name\":\"Home\",\"item\":\"https:\/\/www.sardiniagrandtour.com\/it\/\"},{\"@type\":\"ListItem\",\"position\":2,\"name\":\"Sardinia Grand Tour &#8211; Il progetto\"}]},{\"@type\":\"WebSite\",\"@id\":\"https:\/\/www.sardiniagrandtour.com\/it\/#website\",\"url\":\"https:\/\/www.sardiniagrandtour.com\/it\/\",\"name\":\"Sardinia Grand Tour\",\"description\":\"Vacanze in bicicletta in Sardegna\",\"publisher\":{\"@id\":\"https:\/\/www.sardiniagrandtour.com\/it\/#organization\"},\"potentialAction\":[{\"@type\":\"SearchAction\",\"target\":{\"@type\":\"EntryPoint\",\"urlTemplate\":\"https:\/\/www.sardiniagrandtour.com\/it\/?s={search_term_string}\"},\"query-input\":{\"@type\":\"PropertyValueSpecification\",\"valueRequired\":true,\"valueName\":\"search_term_string\"}}],\"inLanguage\":\"it-IT\"},{\"@type\":\"Organization\",\"@id\":\"https:\/\/www.sardiniagrandtour.com\/it\/#organization\",\"name\":\"Anfibia Ecotours Tour Operator\",\"url\":\"https:\/\/www.sardiniagrandtour.com\/it\/\",\"logo\":{\"@type\":\"ImageObject\",\"inLanguage\":\"it-IT\",\"@id\":\"https:\/\/www.sardiniagrandtour.com\/it\/#\/schema\/logo\/image\/\",\"url\":\"https:\/\/www.sardiniagrandtour.com\/it\/wp-content\/uploads\/2016\/01\/icona-LogoSGT_trasparenza_azzurro.png\",\"contentUrl\":\"https:\/\/www.sardiniagrandtour.com\/it\/wp-content\/uploads\/2016\/01\/icona-LogoSGT_trasparenza_azzurro.png\",\"width\":108,\"height\":70,\"caption\":\"Anfibia Ecotours Tour Operator\"},\"image\":{\"@id\":\"https:\/\/www.sardiniagrandtour.com\/it\/#\/schema\/logo\/image\/\"},\"sameAs\":[\"https:\/\/www.facebook.com\/sardiniagrandtour\",\"https:\/\/www.youtube.com\/user\/SardiniaGrandTour\"]}]}<\/script>\n<!-- \/ Yoast SEO plugin. -->","yoast_head_json":{"title":"Il progetto di una rete cicloturistica per la Sardegna","description":"Sardinia Grand Tour: un itinerario, un Tour operator e un Club di aziende, per promuovere tutta la Sardegna come destinazione per il cicloturismo.","robots":{"index":"index","follow":"follow","max-snippet":"max-snippet:-1","max-image-preview":"max-image-preview:large","max-video-preview":"max-video-preview:-1"},"canonical":"https:\/\/www.sardiniagrandtour.com\/it\/il-progetto\/","og_locale":"it_IT","og_type":"article","og_title":"Il progetto di una rete cicloturistica per la Sardegna","og_description":"Sardinia Grand Tour: un itinerario, un Tour operator e un Club di aziende, per promuovere tutta la Sardegna come destinazione per il cicloturismo.","og_url":"https:\/\/www.sardiniagrandtour.com\/it\/il-progetto\/","og_site_name":"Sardinia Grand Tour","article_publisher":"https:\/\/www.facebook.com\/sardiniagrandtour","article_modified_time":"2018-10-16T10:06:37+00:00","og_image":[{"url":"https:\/\/www.sardiniagrandtour.com\/it\/wp-content\/uploads\/2014\/02\/Mappa_SardiniaGrandTour_b.png","type":"","width":"","height":""}],"twitter_card":"summary_large_image","twitter_misc":{"Tempo di lettura stimato":"2 minuti"},"schema":{"@context":"https:\/\/schema.org","@graph":[{"@type":"WebPage","@id":"https:\/\/www.sardiniagrandtour.com\/it\/il-progetto\/","url":"https:\/\/www.sardiniagrandtour.com\/it\/il-progetto\/","name":"Il progetto di una rete cicloturistica per la Sardegna","isPartOf":{"@id":"https:\/\/www.sardiniagrandtour.com\/it\/#website"},"primaryImageOfPage":{"@id":"https:\/\/www.sardiniagrandtour.com\/it\/il-progetto\/#primaryimage"},"image":{"@id":"https:\/\/www.sardiniagrandtour.com\/it\/il-progetto\/#primaryimage"},"thumbnailUrl":"https:\/\/www.sardiniagrandtour.com\/it\/wp-content\/uploads\/2014\/02\/Mappa_SardiniaGrandTour_b.png","datePublished":"2016-02-10T17:12:40+00:00","dateModified":"2018-10-16T10:06:37+00:00","description":"Sardinia Grand Tour: un itinerario, un Tour operator e un Club di aziende, per promuovere tutta la Sardegna come destinazione per il cicloturismo.","breadcrumb":{"@id":"https:\/\/www.sardiniagrandtour.com\/it\/il-progetto\/#breadcrumb"},"inLanguage":"it-IT","potentialAction":[{"@type":"ReadAction","target":["https:\/\/www.sardiniagrandtour.com\/it\/il-progetto\/"]}]},{"@type":"ImageObject","inLanguage":"it-IT","@id":"https:\/\/www.sardiniagrandtour.com\/it\/il-progetto\/#primaryimage","url":"https:\/\/www.sardiniagrandtour.com\/it\/wp-content\/uploads\/2014\/02\/Mappa_SardiniaGrandTour_b.png","contentUrl":"https:\/\/www.sardiniagrandtour.com\/it\/wp-content\/uploads\/2014\/02\/Mappa_SardiniaGrandTour_b.png"},{"@type":"BreadcrumbList","@id":"https:\/\/www.sardiniagrandtour.com\/it\/il-progetto\/#breadcrumb","itemListElement":[{"@type":"ListItem","position":1,"name":"Home","item":"https:\/\/www.sardiniagrandtour.com\/it\/"},{"@type":"ListItem","position":2,"name":"Sardinia Grand Tour &#8211; Il progetto"}]},{"@type":"WebSite","@id":"https:\/\/www.sardiniagrandtour.com\/it\/#website","url":"https:\/\/www.sardiniagrandtour.com\/it\/","name":"Sardinia Grand Tour","description":"Vacanze in bicicletta in Sardegna","publisher":{"@id":"https:\/\/www.sardiniagrandtour.com\/it\/#organization"},"potentialAction":[{"@type":"SearchAction","target":{"@type":"EntryPoint","urlTemplate":"https:\/\/www.sardiniagrandtour.com\/it\/?s={search_term_string}"},"query-input":{"@type":"PropertyValueSpecification","valueRequired":true,"valueName":"search_term_string"}}],"inLanguage":"it-IT"},{"@type":"Organization","@id":"https:\/\/www.sardiniagrandtour.com\/it\/#organization","name":"Anfibia Ecotours Tour Operator","url":"https:\/\/www.sardiniagrandtour.com\/it\/","logo":{"@type":"ImageObject","inLanguage":"it-IT","@id":"https:\/\/www.sardiniagrandtour.com\/it\/#\/schema\/logo\/image\/","url":"https:\/\/www.sardiniagrandtour.com\/it\/wp-content\/uploads\/2016\/01\/icona-LogoSGT_trasparenza_azzurro.png","contentUrl":"https:\/\/www.sardiniagrandtour.com\/it\/wp-content\/uploads\/2016\/01\/icona-LogoSGT_trasparenza_azzurro.png","width":108,"height":70,"caption":"Anfibia Ecotours Tour Operator"},"image":{"@id":"https:\/\/www.sardiniagrandtour.com\/it\/#\/schema\/logo\/image\/"},"sameAs":["https:\/\/www.facebook.com\/sardiniagrandtour","https:\/\/www.youtube.com\/user\/SardiniaGrandTour"]}]}},"_links":{"self":[{"href":"https:\/\/www.sardiniagrandtour.com\/it\/wp-json\/wp\/v2\/pages\/4201","targetHints":{"allow":["GET"]}}],"collection":[{"href":"https:\/\/www.sardiniagrandtour.com\/it\/wp-json\/wp\/v2\/pages"}],"about":[{"href":"https:\/\/www.sardiniagrandtour.com\/it\/wp-json\/wp\/v2\/types\/page"}],"author":[{"embeddable":true,"href":"https:\/\/www.sardiniagrandtour.com\/it\/wp-json\/wp\/v2\/users\/3"}],"replies":[{"embeddable":true,"href":"https:\/\/www.sardiniagrandtour.com\/it\/wp-json\/wp\/v2\/comments?post=4201"}],"version-history":[{"count":4,"href":"https:\/\/www.sardiniagrandtour.com\/it\/wp-json\/wp\/v2\/pages\/4201\/revisions"}],"predecessor-version":[{"id":6450,"href":"https:\/\/www.sardiniagrandtour.com\/it\/wp-json\/wp\/v2\/pages\/4201\/revisions\/6450"}],"wp:attachment":[{"href":"https:\/\/www.sardiniagrandtour.com\/it\/wp-json\/wp\/v2\/media?parent=4201"}],"curies":[{"name":"wp","href":"https:\/\/api.w.org\/{rel}","templated":true}]}}