{"id":6386,"date":"2018-10-13T19:47:12","date_gmt":"2018-10-13T17:47:12","guid":{"rendered":"http:\/\/www.sardiniagrandtour.it\/it\/?page_id=6386"},"modified":"2024-01-29T17:24:09","modified_gmt":"2024-01-29T16:24:09","slug":"eventi","status":"publish","type":"page","link":"https:\/\/www.sardiniagrandtour.com\/it\/eventi\/","title":{"rendered":"Eventi"},"content":{"rendered":"<div class=\"container\">\n<p class=\"lead\">Da un&#8217;escursione a mille km in bicicletta.<\/p>\n<p>Siamo specializzati in eventi di turismo attivo, incentive e team building.<br \/>\nI nostri eventi possono essere focalizzati su un&#8217;attivit\u00e0 specifica, come ciclismo su strada, mountain bike, trekking, kayak, yoga, vela, oppure possono essere realizzati combinando pi\u00f9 attivit\u00e0, organizzando qualsiasi cosa, da un&#8217;escursione di una giornata ad un tour di pi\u00f9 settimane.<\/p>\n<p class=\"lead\">Possiamo gestire gruppi di centinaia di persone.<\/p>\n<p>Il nostro know how nell&#8217;organizzazione dei tour si riflette sui nostri eventi. In particolare sulla logistica, sugli itinerari e mappe per gps e sul supporto con veicoli dedicati. Possiamo gestire piccoli gruppi di amici o colleghi fino a centinaia di persone.<\/p>\n<p class=\"lead\">Cucina e vino d&#8217;eccellenza.<\/p>\n<p>Il cibo \u00e8 importante per noi, da un picnic a una degustazione di vini a una cena di classe il nostro impegno \u00e8 sempre per la qualit\u00e0.<br \/>\nTutte le esperienze si inseriranno perfettamente per timing e stile nelle attivit\u00e0 previste dal programma. Questa \u00e8 la nostra principale abilit\u00e0.<\/p>\n<hr \/>\n<h4>Recentemente siamo stati coinvolti in:<\/h4>\n<div class=\"row mt-3\">\n<div class=\"col-sm ml-2 mr-2 text-center\"><a href=\"https:\/\/www.strivechallenge.org\/\"><img loading=\"lazy\" decoding=\"async\" class=\"alignnone size-medium wp-image-6397\" src=\"https:\/\/www.sardiniagrandtour.com\/it\/wp-content\/uploads\/2018\/10\/virgin-strive-challenge-logo-300x122.png\" alt=\"The Virgin Strive Challenge\" width=\"300\" height=\"122\" srcset=\"https:\/\/www.sardiniagrandtour.com\/it\/wp-content\/uploads\/2018\/10\/virgin-strive-challenge-logo-300x122.png 300w, https:\/\/www.sardiniagrandtour.com\/it\/wp-content\/uploads\/2018\/10\/virgin-strive-challenge-logo-768x312.png 768w, https:\/\/www.sardiniagrandtour.com\/it\/wp-content\/uploads\/2018\/10\/virgin-strive-challenge-logo-1024x416.png 1024w, https:\/\/www.sardiniagrandtour.com\/it\/wp-content\/uploads\/2018\/10\/virgin-strive-challenge-logo.png 1799w\" sizes=\"auto, (max-width: 300px) 100vw, 300px\" \/><\/a><br \/>\n<small>Lofistica e booking per Stage 1 e 2:<br \/>\nBici e Kayak in Sardegna.<\/small><\/div>\n<div class=\"col-sm ml-2 mr-2 text-center\">\n<p>S T A N D A R D S<br \/>\nDESTINATION MANAGEMENT<\/p>\n<p><small>Team building per 400 hikers<\/small><\/p>\n<\/div>\n<div class=\"col-sm ml-2 mr-2 text-center\"><img loading=\"lazy\" decoding=\"async\" class=\"alignnone size-thumbnail wp-image-6402\" src=\"https:\/\/www.sardiniagrandtour.com\/it\/wp-content\/uploads\/2018\/10\/grand-tour-project-logo-150x150.png\" alt=\"Grand Tour Project Logo\" width=\"150\" height=\"150\" srcset=\"https:\/\/www.sardiniagrandtour.com\/it\/wp-content\/uploads\/2018\/10\/grand-tour-project-logo-150x150.png 150w, https:\/\/www.sardiniagrandtour.com\/it\/wp-content\/uploads\/2018\/10\/grand-tour-project-logo.png 225w\" sizes=\"auto, (max-width: 150px) 100vw, 150px\" \/><br \/>\n<small>Logistica e guida per Giro d&#8217;Italia e Maratona dles Dolomites tours. Design and logistica di tours in Sardegna.<\/small><\/div>\n<\/div>\n<div class=\"row mt-3\">\n<div class=\"col-sm ml-2 mr-2 text-center\"><a href=\"https:\/\/www.sardiniagrandtour.com\/it\/randonnee\/\"><img loading=\"lazy\" decoding=\"async\" class=\"alignnone wp-image-5720 size-thumbnail\" src=\"https:\/\/www.sardiniagrandtour.com\/it\/wp-content\/uploads\/2016\/11\/Logo_RandoCannonau-150x150.png\" alt=\"Rando del Cannonau brand\" width=\"150\" height=\"150\" srcset=\"https:\/\/www.sardiniagrandtour.com\/it\/wp-content\/uploads\/2016\/11\/Logo_RandoCannonau-150x150.png 150w, https:\/\/www.sardiniagrandtour.com\/it\/wp-content\/uploads\/2016\/11\/Logo_RandoCannonau-300x300.png 300w, https:\/\/www.sardiniagrandtour.com\/it\/wp-content\/uploads\/2016\/11\/Logo_RandoCannonau-768x768.png 768w, https:\/\/www.sardiniagrandtour.com\/it\/wp-content\/uploads\/2016\/11\/Logo_RandoCannonau-1024x1024.png 1024w, https:\/\/www.sardiniagrandtour.com\/it\/wp-content\/uploads\/2016\/11\/Logo_RandoCannonau-1080x1080.png 1080w, https:\/\/www.sardiniagrandtour.com\/it\/wp-content\/uploads\/2016\/11\/Logo_RandoCannonau.png 1417w\" sizes=\"auto, (max-width: 150px) 100vw, 150px\" \/><\/a><br \/>\n<small>Organizzatori<\/small><\/div>\n<div class=\"col-sm ml-2 mr-2 text-center\"><a href=\"https:\/\/www.img.com\/\"><img loading=\"lazy\" decoding=\"async\" class=\"alignnone size-medium wp-image-6409\" src=\"https:\/\/www.sardiniagrandtour.com\/it\/wp-content\/uploads\/2018\/10\/IMG-Logo-300x111.png\" alt=\"IMG Logo\" width=\"300\" height=\"111\" srcset=\"https:\/\/www.sardiniagrandtour.com\/it\/wp-content\/uploads\/2018\/10\/IMG-Logo-300x111.png 300w, https:\/\/www.sardiniagrandtour.com\/it\/wp-content\/uploads\/2018\/10\/IMG-Logo-768x284.png 768w, https:\/\/www.sardiniagrandtour.com\/it\/wp-content\/uploads\/2018\/10\/IMG-Logo-1024x379.png 1024w, https:\/\/www.sardiniagrandtour.com\/it\/wp-content\/uploads\/2018\/10\/IMG-Logo.png 1200w\" sizes=\"auto, (max-width: 300px) 100vw, 300px\" \/><\/a><br \/>\n<small>The Giro d&#8217;Italia Experience Tour<\/small><\/div>\n<div class=\"col-sm ml-2 mr-2 text-center\">\n<a href=\"https:\/\/www.bitas2015.com\/https:\/\/\"><img loading=\"lazy\" decoding=\"async\" src=\"https:\/\/www.sardiniagrandtour.com\/it\/wp-content\/uploads\/2018\/10\/bitas-logo-300x180.jpg\" alt=\"Logo Bitas\" width=\"300\" height=\"180\" class=\"alignnone size-medium wp-image-6413\" srcset=\"https:\/\/www.sardiniagrandtour.com\/it\/wp-content\/uploads\/2018\/10\/bitas-logo-300x180.jpg 300w, https:\/\/www.sardiniagrandtour.com\/it\/wp-content\/uploads\/2018\/10\/bitas-logo.jpg 610w\" sizes=\"auto, (max-width: 300px) 100vw, 300px\" \/><\/a><br \/>\n<small>Design e sviluppo dell&#8217;evento per conto della R.A.S.<\/small>\n<\/div>\n<\/div>\n<hr \/>\n<iframe data-max-height='auto' class='quillforms-iframe' scrolling='no' src='https:\/\/www.sardiniagrandtour.com\/it\/quillforms\/english-contact-form\/?quillforms-shortcode=1&#038;quillforms-redirection=top' width='100%' style='border:0;min-height:500px;width: 100%; min-width: 100%; max-height:auto'><\/iframe>\n<\/div>\n","protected":false},"excerpt":{"rendered":"<p>Da un&#8217;escursione a mille km in bicicletta. Siamo specializzati in eventi di turismo attivo, incentive e team building. I nostri eventi possono essere focalizzati su un&#8217;attivit\u00e0 specifica, come ciclismo su strada, mountain bike, trekking, kayak, yoga, vela, oppure possono essere realizzati combinando pi\u00f9 attivit\u00e0, organizzando qualsiasi cosa, da un&#8217;escursione di una giornata ad un tour [&#8230;]<\/p>\n<p><a class=\"btn btn-secondary understrap-read-more-link\" href=\"https:\/\/www.sardiniagrandtour.com\/it\/eventi\/\">Leggi di pi\u00f9&#8230;<span class=\"screen-reader-text\"> from Eventi<\/span><\/a><\/p>\n","protected":false},"author":3,"featured_media":0,"parent":0,"menu_order":0,"comment_status":"closed","ping_status":"closed","template":"page-templates\/normalpage.php","meta":{"footnotes":""},"class_list":["post-6386","page","type-page","status-publish","hentry"],"yoast_head":"<!-- This site is optimized with the Yoast SEO plugin v26.5 - https:\/\/yoast.com\/wordpress\/plugins\/seo\/ -->\n<title>Eventi - Sardinia Grand Tour<\/title>\n<meta name=\"robots\" content=\"index, follow, max-snippet:-1, max-image-preview:large, max-video-preview:-1\" \/>\n<link rel=\"canonical\" href=\"https:\/\/www.sardiniagrandtour.com\/it\/eventi\/\" \/>\n<meta property=\"og:locale\" content=\"it_IT\" \/>\n<meta property=\"og:type\" content=\"article\" \/>\n<meta property=\"og:title\" content=\"Eventi - Sardinia Grand Tour\" \/>\n<meta property=\"og:description\" content=\"Da un&#8217;escursione a mille km in bicicletta. Siamo specializzati in eventi di turismo attivo, incentive e team building. I nostri eventi possono essere focalizzati su un&#8217;attivit\u00e0 specifica, come ciclismo su strada, mountain bike, trekking, kayak, yoga, vela, oppure possono essere realizzati combinando pi\u00f9 attivit\u00e0, organizzando qualsiasi cosa, da un&#8217;escursione di una giornata ad un tour [...]Leggi di pi\u00f9... from Eventi\" \/>\n<meta property=\"og:url\" content=\"https:\/\/www.sardiniagrandtour.com\/it\/eventi\/\" \/>\n<meta property=\"og:site_name\" content=\"Sardinia Grand Tour\" \/>\n<meta property=\"article:publisher\" content=\"https:\/\/www.facebook.com\/sardiniagrandtour\" \/>\n<meta property=\"article:modified_time\" content=\"2024-01-29T16:24:09+00:00\" \/>\n<meta property=\"og:image\" content=\"https:\/\/www.sardiniagrandtour.com\/it\/wp-content\/uploads\/2018\/10\/virgin-strive-challenge-logo-300x122.png\" \/>\n<meta name=\"twitter:card\" content=\"summary_large_image\" \/>\n<meta name=\"twitter:label1\" content=\"Tempo di lettura stimato\" \/>\n\t<meta name=\"twitter:data1\" content=\"2 minuti\" \/>\n<script type=\"application\/ld+json\" class=\"yoast-schema-graph\">{\"@context\":\"https:\/\/schema.org\",\"@graph\":[{\"@type\":\"WebPage\",\"@id\":\"https:\/\/www.sardiniagrandtour.com\/it\/eventi\/\",\"url\":\"https:\/\/www.sardiniagrandtour.com\/it\/eventi\/\",\"name\":\"Eventi - Sardinia Grand Tour\",\"isPartOf\":{\"@id\":\"https:\/\/www.sardiniagrandtour.com\/it\/#website\"},\"primaryImageOfPage\":{\"@id\":\"https:\/\/www.sardiniagrandtour.com\/it\/eventi\/#primaryimage\"},\"image\":{\"@id\":\"https:\/\/www.sardiniagrandtour.com\/it\/eventi\/#primaryimage\"},\"thumbnailUrl\":\"https:\/\/www.sardiniagrandtour.com\/it\/wp-content\/uploads\/2018\/10\/virgin-strive-challenge-logo-300x122.png\",\"datePublished\":\"2018-10-13T17:47:12+00:00\",\"dateModified\":\"2024-01-29T16:24:09+00:00\",\"breadcrumb\":{\"@id\":\"https:\/\/www.sardiniagrandtour.com\/it\/eventi\/#breadcrumb\"},\"inLanguage\":\"it-IT\",\"potentialAction\":[{\"@type\":\"ReadAction\",\"target\":[\"https:\/\/www.sardiniagrandtour.com\/it\/eventi\/\"]}]},{\"@type\":\"ImageObject\",\"inLanguage\":\"it-IT\",\"@id\":\"https:\/\/www.sardiniagrandtour.com\/it\/eventi\/#primaryimage\",\"url\":\"https:\/\/www.sardiniagrandtour.com\/it\/wp-content\/uploads\/2018\/10\/virgin-strive-challenge-logo.png\",\"contentUrl\":\"https:\/\/www.sardiniagrandtour.com\/it\/wp-content\/uploads\/2018\/10\/virgin-strive-challenge-logo.png\",\"width\":1799,\"height\":731,\"caption\":\"The Virgin Strive Challenge\"},{\"@type\":\"BreadcrumbList\",\"@id\":\"https:\/\/www.sardiniagrandtour.com\/it\/eventi\/#breadcrumb\",\"itemListElement\":[{\"@type\":\"ListItem\",\"position\":1,\"name\":\"Home\",\"item\":\"https:\/\/www.sardiniagrandtour.com\/it\/\"},{\"@type\":\"ListItem\",\"position\":2,\"name\":\"Eventi\"}]},{\"@type\":\"WebSite\",\"@id\":\"https:\/\/www.sardiniagrandtour.com\/it\/#website\",\"url\":\"https:\/\/www.sardiniagrandtour.com\/it\/\",\"name\":\"Sardinia Grand Tour\",\"description\":\"Vacanze in bicicletta in Sardegna\",\"publisher\":{\"@id\":\"https:\/\/www.sardiniagrandtour.com\/it\/#organization\"},\"potentialAction\":[{\"@type\":\"SearchAction\",\"target\":{\"@type\":\"EntryPoint\",\"urlTemplate\":\"https:\/\/www.sardiniagrandtour.com\/it\/?s={search_term_string}\"},\"query-input\":{\"@type\":\"PropertyValueSpecification\",\"valueRequired\":true,\"valueName\":\"search_term_string\"}}],\"inLanguage\":\"it-IT\"},{\"@type\":\"Organization\",\"@id\":\"https:\/\/www.sardiniagrandtour.com\/it\/#organization\",\"name\":\"Anfibia Ecotours Tour Operator\",\"url\":\"https:\/\/www.sardiniagrandtour.com\/it\/\",\"logo\":{\"@type\":\"ImageObject\",\"inLanguage\":\"it-IT\",\"@id\":\"https:\/\/www.sardiniagrandtour.com\/it\/#\/schema\/logo\/image\/\",\"url\":\"https:\/\/www.sardiniagrandtour.com\/it\/wp-content\/uploads\/2016\/01\/icona-LogoSGT_trasparenza_azzurro.png\",\"contentUrl\":\"https:\/\/www.sardiniagrandtour.com\/it\/wp-content\/uploads\/2016\/01\/icona-LogoSGT_trasparenza_azzurro.png\",\"width\":108,\"height\":70,\"caption\":\"Anfibia Ecotours Tour Operator\"},\"image\":{\"@id\":\"https:\/\/www.sardiniagrandtour.com\/it\/#\/schema\/logo\/image\/\"},\"sameAs\":[\"https:\/\/www.facebook.com\/sardiniagrandtour\",\"https:\/\/www.youtube.com\/user\/SardiniaGrandTour\"]}]}<\/script>\n<!-- \/ Yoast SEO plugin. -->","yoast_head_json":{"title":"Eventi - Sardinia Grand Tour","robots":{"index":"index","follow":"follow","max-snippet":"max-snippet:-1","max-image-preview":"max-image-preview:large","max-video-preview":"max-video-preview:-1"},"canonical":"https:\/\/www.sardiniagrandtour.com\/it\/eventi\/","og_locale":"it_IT","og_type":"article","og_title":"Eventi - Sardinia Grand Tour","og_description":"Da un&#8217;escursione a mille km in bicicletta. Siamo specializzati in eventi di turismo attivo, incentive e team building. I nostri eventi possono essere focalizzati su un&#8217;attivit\u00e0 specifica, come ciclismo su strada, mountain bike, trekking, kayak, yoga, vela, oppure possono essere realizzati combinando pi\u00f9 attivit\u00e0, organizzando qualsiasi cosa, da un&#8217;escursione di una giornata ad un tour [...]Leggi di pi\u00f9... from Eventi","og_url":"https:\/\/www.sardiniagrandtour.com\/it\/eventi\/","og_site_name":"Sardinia Grand Tour","article_publisher":"https:\/\/www.facebook.com\/sardiniagrandtour","article_modified_time":"2024-01-29T16:24:09+00:00","og_image":[{"url":"https:\/\/www.sardiniagrandtour.com\/it\/wp-content\/uploads\/2018\/10\/virgin-strive-challenge-logo-300x122.png","type":"","width":"","height":""}],"twitter_card":"summary_large_image","twitter_misc":{"Tempo di lettura stimato":"2 minuti"},"schema":{"@context":"https:\/\/schema.org","@graph":[{"@type":"WebPage","@id":"https:\/\/www.sardiniagrandtour.com\/it\/eventi\/","url":"https:\/\/www.sardiniagrandtour.com\/it\/eventi\/","name":"Eventi - Sardinia Grand Tour","isPartOf":{"@id":"https:\/\/www.sardiniagrandtour.com\/it\/#website"},"primaryImageOfPage":{"@id":"https:\/\/www.sardiniagrandtour.com\/it\/eventi\/#primaryimage"},"image":{"@id":"https:\/\/www.sardiniagrandtour.com\/it\/eventi\/#primaryimage"},"thumbnailUrl":"https:\/\/www.sardiniagrandtour.com\/it\/wp-content\/uploads\/2018\/10\/virgin-strive-challenge-logo-300x122.png","datePublished":"2018-10-13T17:47:12+00:00","dateModified":"2024-01-29T16:24:09+00:00","breadcrumb":{"@id":"https:\/\/www.sardiniagrandtour.com\/it\/eventi\/#breadcrumb"},"inLanguage":"it-IT","potentialAction":[{"@type":"ReadAction","target":["https:\/\/www.sardiniagrandtour.com\/it\/eventi\/"]}]},{"@type":"ImageObject","inLanguage":"it-IT","@id":"https:\/\/www.sardiniagrandtour.com\/it\/eventi\/#primaryimage","url":"https:\/\/www.sardiniagrandtour.com\/it\/wp-content\/uploads\/2018\/10\/virgin-strive-challenge-logo.png","contentUrl":"https:\/\/www.sardiniagrandtour.com\/it\/wp-content\/uploads\/2018\/10\/virgin-strive-challenge-logo.png","width":1799,"height":731,"caption":"The Virgin Strive Challenge"},{"@type":"BreadcrumbList","@id":"https:\/\/www.sardiniagrandtour.com\/it\/eventi\/#breadcrumb","itemListElement":[{"@type":"ListItem","position":1,"name":"Home","item":"https:\/\/www.sardiniagrandtour.com\/it\/"},{"@type":"ListItem","position":2,"name":"Eventi"}]},{"@type":"WebSite","@id":"https:\/\/www.sardiniagrandtour.com\/it\/#website","url":"https:\/\/www.sardiniagrandtour.com\/it\/","name":"Sardinia Grand Tour","description":"Vacanze in bicicletta in Sardegna","publisher":{"@id":"https:\/\/www.sardiniagrandtour.com\/it\/#organization"},"potentialAction":[{"@type":"SearchAction","target":{"@type":"EntryPoint","urlTemplate":"https:\/\/www.sardiniagrandtour.com\/it\/?s={search_term_string}"},"query-input":{"@type":"PropertyValueSpecification","valueRequired":true,"valueName":"search_term_string"}}],"inLanguage":"it-IT"},{"@type":"Organization","@id":"https:\/\/www.sardiniagrandtour.com\/it\/#organization","name":"Anfibia Ecotours Tour Operator","url":"https:\/\/www.sardiniagrandtour.com\/it\/","logo":{"@type":"ImageObject","inLanguage":"it-IT","@id":"https:\/\/www.sardiniagrandtour.com\/it\/#\/schema\/logo\/image\/","url":"https:\/\/www.sardiniagrandtour.com\/it\/wp-content\/uploads\/2016\/01\/icona-LogoSGT_trasparenza_azzurro.png","contentUrl":"https:\/\/www.sardiniagrandtour.com\/it\/wp-content\/uploads\/2016\/01\/icona-LogoSGT_trasparenza_azzurro.png","width":108,"height":70,"caption":"Anfibia Ecotours Tour Operator"},"image":{"@id":"https:\/\/www.sardiniagrandtour.com\/it\/#\/schema\/logo\/image\/"},"sameAs":["https:\/\/www.facebook.com\/sardiniagrandtour","https:\/\/www.youtube.com\/user\/SardiniaGrandTour"]}]}},"_links":{"self":[{"href":"https:\/\/www.sardiniagrandtour.com\/it\/wp-json\/wp\/v2\/pages\/6386","targetHints":{"allow":["GET"]}}],"collection":[{"href":"https:\/\/www.sardiniagrandtour.com\/it\/wp-json\/wp\/v2\/pages"}],"about":[{"href":"https:\/\/www.sardiniagrandtour.com\/it\/wp-json\/wp\/v2\/types\/page"}],"author":[{"embeddable":true,"href":"https:\/\/www.sardiniagrandtour.com\/it\/wp-json\/wp\/v2\/users\/3"}],"replies":[{"embeddable":true,"href":"https:\/\/www.sardiniagrandtour.com\/it\/wp-json\/wp\/v2\/comments?post=6386"}],"version-history":[{"count":6,"href":"https:\/\/www.sardiniagrandtour.com\/it\/wp-json\/wp\/v2\/pages\/6386\/revisions"}],"predecessor-version":[{"id":8099,"href":"https:\/\/www.sardiniagrandtour.com\/it\/wp-json\/wp\/v2\/pages\/6386\/revisions\/8099"}],"wp:attachment":[{"href":"https:\/\/www.sardiniagrandtour.com\/it\/wp-json\/wp\/v2\/media?parent=6386"}],"curies":[{"name":"wp","href":"https:\/\/api.w.org\/{rel}","templated":true}]}}